{"id":172,"date":"2023-09-27T16:29:59","date_gmt":"2023-09-27T14:29:59","guid":{"rendered":"https:\/\/chupetedrmarinov.cl\/web\/?post_type=product&#038;p=172"},"modified":"2026-03-02T18:36:50","modified_gmt":"2026-03-02T21:36:50","slug":"etapa-0-prematuros","status":"publish","type":"product","link":"https:\/\/chupetedrmarinov.cl\/web\/producto\/etapa-0-prematuros\/","title":{"rendered":"ETAPA 0 (Prematuros)"},"content":{"rendered":"<p><strong>CARACTER\u00cdSTICAS<\/strong><\/p>\n<ul>\n<li>Especialmente dise\u00f1ados y testeados en beb\u00e9s prematuros, de entre 800 gramos a 1.500 gramos de peso.<\/li>\n<li>Simula el pez\u00f3n y el pecho materno.<\/li>\n<li>El beb\u00e9 lo succiona imitando la succi\u00f3n del pez\u00f3n materno.<\/li>\n<li>No comprime los labios.<\/li>\n<li>No cubre ni comprime la nariz del prematuro.<\/li>\n<li>Permite ver la expresi\u00f3n facial del beb\u00e9.<\/li>\n<li>No les comprime ni les tapa la naricera, o el cat\u00e9ter del ox\u00edgeno.<\/li>\n<li>No les comprime ni les tapa la sonda naso g\u00e1strica.<\/li>\n<li>Permite ver si el Prematuro presenta dificultad para respirar. (Aleteo nasal)<\/li>\n<li>No comprime el cat\u00e9ter del ox\u00edgeno, permitiendo adem\u00e1s ver si se encuentra correctamente instalado.<\/li>\n<li>Fabricado en l\u00e1tex de alta pureza con un recubrimiento de silicona, para evitar la degradaci\u00f3n por la saliva y la sobre infecci\u00f3n por hongos.<\/li>\n<\/ul>\n<p><strong>SUGERENCIAS<\/strong><\/p>\n<ul>\n<li>Se le debe cambiar el chupete a la etapa 1, cuando el beb\u00e9 cuente con un peso de 3 kg.<\/li>\n<li>Se puede sanitizar con productos autorizados para lavar Biberones.<\/li>\n<\/ul>\n<p><strong>BENEFICIOS GENERALES DE SU USO EN PREMATUROS<\/strong><\/p>\n<ul>\n<li>Su uso les ejercita los m\u00fasculos de la succi\u00f3n y de la degluci\u00f3n, facilitando el acople con el pecho materno.<\/li>\n<li>Permite una transici\u00f3n m\u00e1s r\u00e1pida entre la alimentaci\u00f3n por sonda y recibir los biberones.<\/li>\n<li>Tienen un efecto sedante y calmante frente a procedimientos cl\u00ednicos, como punciones venosas, punciones lumbares, o instalaci\u00f3n de cat\u00e9teres. (Efecto de las Endorfinas y Dopaminas)<\/li>\n<li>Presentan una mejor saturaci\u00f3n de ox\u00edgeno, debido a que al succionar el chupete, el Prematuro permanece m\u00e1s relajado y tranquilo.<\/li>\n<li>Tienen menor tiempo de hospitalizaci\u00f3n.<\/li>\n<\/ul>\n","protected":false},"excerpt":{"rendered":"<p>CARACTER\u00cdSTICAS Especialmente dise\u00f1ados y testeados en beb\u00e9s prematuros, de entre 800 gramos a 1.500 gramos de peso. Simula el pez\u00f3n y el pecho materno. El beb\u00e9 lo succiona imitando la succi\u00f3n del pez\u00f3n materno. No comprime los labios. No cubre ni comprime la nariz del prematuro. Permite ver la expresi\u00f3n facial del beb\u00e9. No les [&hellip;]<\/p>\n","protected":false},"featured_media":173,"comment_status":"open","ping_status":"closed","template":"","meta":[],"product_brand":[],"product_cat":[20,21],"product_tag":[],"class_list":{"0":"post-172","1":"product","2":"type-product","3":"status-publish","4":"has-post-thumbnail","6":"product_cat-chupetes","7":"product_cat-etapa-0-prematuros","9":"first","10":"instock","11":"shipping-taxable","12":"purchasable","13":"product-type-simple"},"_links":{"self":[{"href":"https:\/\/chupetedrmarinov.cl\/web\/wp-json\/wp\/v2\/product\/172","targetHints":{"allow":["GET"]}}],"collection":[{"href":"https:\/\/chupetedrmarinov.cl\/web\/wp-json\/wp\/v2\/product"}],"about":[{"href":"https:\/\/chupetedrmarinov.cl\/web\/wp-json\/wp\/v2\/types\/product"}],"replies":[{"embeddable":true,"href":"https:\/\/chupetedrmarinov.cl\/web\/wp-json\/wp\/v2\/comments?post=172"}],"wp:featuredmedia":[{"embeddable":true,"href":"https:\/\/chupetedrmarinov.cl\/web\/wp-json\/wp\/v2\/media\/173"}],"wp:attachment":[{"href":"https:\/\/chupetedrmarinov.cl\/web\/wp-json\/wp\/v2\/media?parent=172"}],"wp:term":[{"taxonomy":"product_brand","embeddable":true,"href":"https:\/\/chupetedrmarinov.cl\/web\/wp-json\/wp\/v2\/product_brand?post=172"},{"taxonomy":"product_cat","embeddable":true,"href":"https:\/\/chupetedrmarinov.cl\/web\/wp-json\/wp\/v2\/product_cat?post=172"},{"taxonomy":"product_tag","embeddable":true,"href":"https:\/\/chupetedrmarinov.cl\/web\/wp-json\/wp\/v2\/product_tag?post=172"}],"curies":[{"name":"wp","href":"https:\/\/api.w.org\/{rel}","templated":true}]}}