{"id":174,"date":"2023-09-27T16:37:31","date_gmt":"2023-09-27T14:37:31","guid":{"rendered":"https:\/\/chupetedrmarinov.cl\/web\/?post_type=product&#038;p=174"},"modified":"2026-03-02T18:37:01","modified_gmt":"2026-03-02T21:37:01","slug":"etapa-1-0-a-4-meses","status":"publish","type":"product","link":"https:\/\/chupetedrmarinov.cl\/web\/producto\/etapa-1-0-a-4-meses\/","title":{"rendered":"ETAPA 1 (0 a 4 Meses)"},"content":{"rendered":"<p><strong>CARACTER\u00cdSTICAS<\/strong><\/p>\n<ul>\n<li>Dise\u00f1ado para beb\u00e9s reci\u00e9n nacidos, desde los 0 hasta los 4 o 5 meses.<\/li>\n<li>Simula el Pez\u00f3n y el Pecho Materno.<\/li>\n<li>Tetina recta de textura blanda y suave, disminuyendo la posibilidad de futuras alteraciones del paladar y la mordida.<\/li>\n<li>No posee Pantalla Pl\u00e1stica, evitando la compresi\u00f3n sobre los labios, e irritaci\u00f3n de la boca.<\/li>\n<li>Permite observar la expresi\u00f3n facial del beb\u00e9.<\/li>\n<li>El beb\u00e9 lo succiona imitando la succi\u00f3n del pez\u00f3n materno.<\/li>\n<li>Fabricado en L\u00e1tex de alta pureza con un recubrimiento de Silicona, para evitar la degradaci\u00f3n por la saliva y la sobre infecci\u00f3n por Hongos.<\/li>\n<\/ul>\n<p><strong>SUGERENCIAS<\/strong><\/p>\n<ul>\n<li>Ofrec\u00e9rselo al beb\u00e9 a partir del <b>s\u00e9ptimo d\u00eda<\/b>, para evitar la \u00abConfusi\u00f3n del pez\u00f3n\u00bb.<\/li>\n<li>Se le debe cambiar el chupete a la etapa 2, cuando el globo est\u00e9 impactando los labios del beb\u00e9.<\/li>\n<\/ul>\n","protected":false},"excerpt":{"rendered":"<p>CARACTER\u00cdSTICAS Dise\u00f1ado para beb\u00e9s reci\u00e9n nacidos, desde los 0 hasta los 4 o 5 meses. Simula el Pez\u00f3n y el Pecho Materno. Tetina recta de textura blanda y suave, disminuyendo la posibilidad de futuras alteraciones del paladar y la mordida. No posee Pantalla Pl\u00e1stica, evitando la compresi\u00f3n sobre los labios, e irritaci\u00f3n de la boca. [&hellip;]<\/p>\n","protected":false},"featured_media":175,"comment_status":"open","ping_status":"closed","template":"","meta":[],"product_brand":[],"product_cat":[20,22],"product_tag":[],"class_list":{"0":"post-174","1":"product","2":"type-product","3":"status-publish","4":"has-post-thumbnail","6":"product_cat-chupetes","7":"product_cat-etapa-1-0-a-4-meses","9":"first","10":"instock","11":"shipping-taxable","12":"purchasable","13":"product-type-simple"},"_links":{"self":[{"href":"https:\/\/chupetedrmarinov.cl\/web\/wp-json\/wp\/v2\/product\/174","targetHints":{"allow":["GET"]}}],"collection":[{"href":"https:\/\/chupetedrmarinov.cl\/web\/wp-json\/wp\/v2\/product"}],"about":[{"href":"https:\/\/chupetedrmarinov.cl\/web\/wp-json\/wp\/v2\/types\/product"}],"replies":[{"embeddable":true,"href":"https:\/\/chupetedrmarinov.cl\/web\/wp-json\/wp\/v2\/comments?post=174"}],"wp:featuredmedia":[{"embeddable":true,"href":"https:\/\/chupetedrmarinov.cl\/web\/wp-json\/wp\/v2\/media\/175"}],"wp:attachment":[{"href":"https:\/\/chupetedrmarinov.cl\/web\/wp-json\/wp\/v2\/media?parent=174"}],"wp:term":[{"taxonomy":"product_brand","embeddable":true,"href":"https:\/\/chupetedrmarinov.cl\/web\/wp-json\/wp\/v2\/product_brand?post=174"},{"taxonomy":"product_cat","embeddable":true,"href":"https:\/\/chupetedrmarinov.cl\/web\/wp-json\/wp\/v2\/product_cat?post=174"},{"taxonomy":"product_tag","embeddable":true,"href":"https:\/\/chupetedrmarinov.cl\/web\/wp-json\/wp\/v2\/product_tag?post=174"}],"curies":[{"name":"wp","href":"https:\/\/api.w.org\/{rel}","templated":true}]}}